{"id":26655,"date":"2025-06-05T08:20:10","date_gmt":"2025-06-05T12:20:10","guid":{"rendered":"https:\/\/wp-staging.corporate.sobeys.com\/?page_id=26655"},"modified":"2025-08-19T07:12:24","modified_gmt":"2025-08-19T11:12:24","slug":"rapport-sur-les-entreprises-durables","status":"publish","type":"page","link":"https:\/\/empire.local.publishabl.com\/fr\/","title":{"rendered":"Rapport sur les entreprises durables"},"content":{"rendered":"","protected":false},"excerpt":{"rendered":"","protected":false},"author":83,"featured_media":0,"parent":0,"menu_order":0,"comment_status":"closed","ping_status":"closed","template":"sustainability-2025-templates\/sbr_home.php","meta":{"_acf_changed":false,"footnotes":""},"class_list":["post-26655","page","type-page","status-publish","hentry"],"acf":[],"yoast_head":"<!-- This site is optimized with the Yoast SEO plugin v26.6 - https:\/\/yoast.com\/wordpress\/plugins\/seo\/ -->\n<title>Leader du commerce de d\u00e9tail durable | Soci\u00e9t\u00e9 Sobeys<\/title>\n<meta name=\"description\" content=\"D\u00e9couvrez l&#039;engagement de Sobeys envers le d\u00e9veloppement durable, le soutien communautaire et les pratiques \u00e9thiques. D\u00e9couvrez nos initiatives d\u00e8s aujourd&#039;hui.\" \/>\n<meta name=\"robots\" content=\"index, follow, max-snippet:-1, max-image-preview:large, max-video-preview:-1\" \/>\n<link rel=\"canonical\" href=\"https:\/\/sobeys-empire.local.publishabl.com\/fr\/\" \/>\n<script type=\"application\/ld+json\" class=\"yoast-schema-graph\">{\"@context\":\"https:\/\/schema.org\",\"@graph\":[{\"@type\":\"WebPage\",\"@id\":\"https:\/\/sobeys-empire.local.publishabl.com\/fr\/\",\"url\":\"https:\/\/sobeys-empire.local.publishabl.com\/fr\/\",\"name\":\"Leader du commerce de d\u00e9tail durable | Soci\u00e9t\u00e9 Sobeys\",\"isPartOf\":{\"@id\":\"https:\/\/sobeyssbreport.local.publishabl.com\/#website\"},\"datePublished\":\"2025-06-05T12:20:10+00:00\",\"dateModified\":\"2025-08-19T11:12:24+00:00\",\"description\":\"D\u00e9couvrez l'engagement de Sobeys envers le d\u00e9veloppement durable, le soutien communautaire et les pratiques \u00e9thiques. D\u00e9couvrez nos initiatives d\u00e8s aujourd'hui.\",\"breadcrumb\":{\"@id\":\"https:\/\/sobeys-empire.local.publishabl.com\/fr\/#breadcrumb\"},\"inLanguage\":\"fr-FR\",\"potentialAction\":[{\"@type\":\"ReadAction\",\"target\":[\"https:\/\/sobeys-empire.local.publishabl.com\/fr\/\"]}]},{\"@type\":\"BreadcrumbList\",\"@id\":\"https:\/\/sobeys-empire.local.publishabl.com\/fr\/#breadcrumb\",\"itemListElement\":[{\"@type\":\"ListItem\",\"position\":1,\"name\":\"Home\",\"item\":\"https:\/\/sobeys-empire.local.publishabl.com\/fr\/\"},{\"@type\":\"ListItem\",\"position\":2,\"name\":\"Rapport sur les entreprises durables\"}]},{\"@type\":\"WebSite\",\"@id\":\"https:\/\/sobeyssbreport.local.publishabl.com\/#website\",\"url\":\"https:\/\/sobeyssbreport.local.publishabl.com\/\",\"name\":\"Sobeys Corporate\",\"description\":\"Just another Evaluating WPEngine Sites site\",\"potentialAction\":[{\"@type\":\"SearchAction\",\"target\":{\"@type\":\"EntryPoint\",\"urlTemplate\":\"https:\/\/sobeyssbreport.local.publishabl.com\/?s={search_term_string}\"},\"query-input\":{\"@type\":\"PropertyValueSpecification\",\"valueRequired\":true,\"valueName\":\"search_term_string\"}}],\"inLanguage\":\"fr-FR\"}]}<\/script>\n<!-- \/ Yoast SEO plugin. -->","yoast_head_json":{"title":"Leader du commerce de d\u00e9tail durable | Soci\u00e9t\u00e9 Sobeys","description":"D\u00e9couvrez l'engagement de Sobeys envers le d\u00e9veloppement durable, le soutien communautaire et les pratiques \u00e9thiques. D\u00e9couvrez nos initiatives d\u00e8s aujourd'hui.","robots":{"index":"index","follow":"follow","max-snippet":"max-snippet:-1","max-image-preview":"max-image-preview:large","max-video-preview":"max-video-preview:-1"},"canonical":"https:\/\/sobeys-empire.local.publishabl.com\/fr\/","schema":{"@context":"https:\/\/schema.org","@graph":[{"@type":"WebPage","@id":"https:\/\/sobeys-empire.local.publishabl.com\/fr\/","url":"https:\/\/sobeys-empire.local.publishabl.com\/fr\/","name":"Leader du commerce de d\u00e9tail durable | Soci\u00e9t\u00e9 Sobeys","isPartOf":{"@id":"https:\/\/sobeyssbreport.local.publishabl.com\/#website"},"datePublished":"2025-06-05T12:20:10+00:00","dateModified":"2025-08-19T11:12:24+00:00","description":"D\u00e9couvrez l'engagement de Sobeys envers le d\u00e9veloppement durable, le soutien communautaire et les pratiques \u00e9thiques. D\u00e9couvrez nos initiatives d\u00e8s aujourd'hui.","breadcrumb":{"@id":"https:\/\/sobeys-empire.local.publishabl.com\/fr\/#breadcrumb"},"inLanguage":"fr-FR","potentialAction":[{"@type":"ReadAction","target":["https:\/\/sobeys-empire.local.publishabl.com\/fr\/"]}]},{"@type":"BreadcrumbList","@id":"https:\/\/sobeys-empire.local.publishabl.com\/fr\/#breadcrumb","itemListElement":[{"@type":"ListItem","position":1,"name":"Home","item":"https:\/\/sobeys-empire.local.publishabl.com\/fr\/"},{"@type":"ListItem","position":2,"name":"Rapport sur les entreprises durables"}]},{"@type":"WebSite","@id":"https:\/\/sobeyssbreport.local.publishabl.com\/#website","url":"https:\/\/sobeyssbreport.local.publishabl.com\/","name":"Sobeys Corporate","description":"Just another Evaluating WPEngine Sites site","potentialAction":[{"@type":"SearchAction","target":{"@type":"EntryPoint","urlTemplate":"https:\/\/sobeyssbreport.local.publishabl.com\/?s={search_term_string}"},"query-input":{"@type":"PropertyValueSpecification","valueRequired":true,"valueName":"search_term_string"}}],"inLanguage":"fr-FR"}]}},"_links":{"self":[{"href":"https:\/\/empire.local.publishabl.com\/fr\/wp-json\/wp\/v2\/pages\/26655","targetHints":{"allow":["GET"]}}],"collection":[{"href":"https:\/\/empire.local.publishabl.com\/fr\/wp-json\/wp\/v2\/pages"}],"about":[{"href":"https:\/\/empire.local.publishabl.com\/fr\/wp-json\/wp\/v2\/types\/page"}],"author":[{"embeddable":true,"href":"https:\/\/empire.local.publishabl.com\/fr\/wp-json\/wp\/v2\/users\/83"}],"replies":[{"embeddable":true,"href":"https:\/\/empire.local.publishabl.com\/fr\/wp-json\/wp\/v2\/comments?post=26655"}],"version-history":[{"count":0,"href":"https:\/\/empire.local.publishabl.com\/fr\/wp-json\/wp\/v2\/pages\/26655\/revisions"}],"wp:attachment":[{"href":"https:\/\/empire.local.publishabl.com\/fr\/wp-json\/wp\/v2\/media?parent=26655"}],"curies":[{"name":"wp","href":"https:\/\/api.w.org\/{rel}","templated":true}]}}